{"id":1727,"date":"2025-03-05T07:56:24","date_gmt":"2025-03-05T07:56:24","guid":{"rendered":"https:\/\/calcafi.com\/propuesta-de-investigacion-e-innovacion\/"},"modified":"2025-06-07T09:07:55","modified_gmt":"2025-06-07T09:07:55","slug":"propuesta-de-investigacion-e-innovacion","status":"publish","type":"page","link":"https:\/\/calcafi.com\/es\/propuesta-de-investigacion-e-innovacion\/","title":{"rendered":"Propuesta de Investigaci\u00f3n e Innovaci\u00f3n"},"content":{"rendered":"\t\t<div data-elementor-type=\"wp-page\" data-elementor-id=\"1727\" class=\"elementor elementor-1727 elementor-271\" data-elementor-post-type=\"page\">\n\t\t\t\t<div class=\"elementor-element elementor-element-173dfea e-flex e-con-boxed e-con e-parent\" data-id=\"173dfea\" data-element_type=\"container\" data-settings=\"{&quot;background_background&quot;:&quot;classic&quot;}\">\n\t\t\t\t\t<div class=\"e-con-inner\">\n\t\t\t\t<div class=\"elementor-element elementor-element-51a29d7 elementor-widget elementor-widget-text-editor\" data-id=\"51a29d7\" data-element_type=\"widget\" data-widget_type=\"text-editor.default\">\n\t\t\t\t<div class=\"elementor-widget-container\">\n\t\t\t\t\t\t\t\t\t<p>Las Cl\u00ednicas CalCafi, P.C. se dedican a promover la atenci\u00f3n de alergias e inmunolog\u00eda mediante iniciativas de investigaci\u00f3n innovadoras.<\/p>\n\t\t\t\t\t\t\t\t<\/div>\n\t\t\t\t<\/div>\n\t\t<div class=\"elementor-element elementor-element-0228299 e-con-full e-flex e-con e-child\" data-id=\"0228299\" data-element_type=\"container\">\n\t\t<div class=\"elementor-element elementor-element-f1d2e0c e-con-full e-flex e-con e-child\" data-id=\"f1d2e0c\" data-element_type=\"container\">\n\t\t\t\t<div class=\"elementor-element elementor-element-c300fb3 elementor-position-top elementor-widget elementor-widget-image-box\" data-id=\"c300fb3\" data-element_type=\"widget\" data-widget_type=\"image-box.default\">\n\t\t\t\t<div class=\"elementor-widget-container\">\n\t\t\t\t\t<div class=\"elementor-image-box-wrapper\"><figure class=\"elementor-image-box-img\"><img decoding=\"async\" width=\"128\" height=\"128\" src=\"https:\/\/calcafi.com\/wp-content\/uploads\/2025\/03\/study.png\" class=\"attachment-full size-full wp-image-502\" alt=\"\" srcset=\"https:\/\/calcafi.com\/wp-content\/uploads\/2025\/03\/study.png 128w, https:\/\/calcafi.com\/wp-content\/uploads\/2025\/03\/study-100x100.png 100w\" sizes=\"(max-width: 128px) 100vw, 128px\" \/><\/figure><div class=\"elementor-image-box-content\"><h3 class=\"elementor-image-box-title\">Proyectos de investigaci\u00f3n actuales<\/h3><p class=\"elementor-image-box-description\">Nuestros estudios en curso y la colaboraci\u00f3n con varios institutos de investigaci\u00f3n tanto en Estados Unidos como Canad\u00e1, exploran nuevos enfoques de diagn\u00f3stico y tratamiento para enfermedades al\u00e9rgicas e inmunol\u00f3gicas.<\/p><\/div><\/div>\t\t\t\t<\/div>\n\t\t\t\t<\/div>\n\t\t\t\t<\/div>\n\t\t<div class=\"elementor-element elementor-element-6b41c91 e-con-full e-flex e-con e-child\" data-id=\"6b41c91\" data-element_type=\"container\">\n\t\t\t\t<div class=\"elementor-element elementor-element-3dc42f6 elementor-position-top elementor-widget elementor-widget-image-box\" data-id=\"3dc42f6\" data-element_type=\"widget\" data-widget_type=\"image-box.default\">\n\t\t\t\t<div class=\"elementor-widget-container\">\n\t\t\t\t\t<div class=\"elementor-image-box-wrapper\"><figure class=\"elementor-image-box-img\"><img decoding=\"async\" width=\"128\" height=\"128\" src=\"https:\/\/calcafi.com\/wp-content\/uploads\/2025\/03\/allergy-test_9599492.png\" class=\"attachment-full size-full wp-image-458\" alt=\"\" srcset=\"https:\/\/calcafi.com\/wp-content\/uploads\/2025\/03\/allergy-test_9599492.png 128w, https:\/\/calcafi.com\/wp-content\/uploads\/2025\/03\/allergy-test_9599492-100x100.png 100w\" sizes=\"(max-width: 128px) 100vw, 128px\" \/><\/figure><div class=\"elementor-image-box-content\"><h3 class=\"elementor-image-box-title\">\u00c1reas de inter\u00e9s<\/h3><p class=\"elementor-image-box-description\">Buscamos activamente investigar nuevas terapias y estrategias preventivas en alergia e inmunolog\u00eda.<\/p><\/div><\/div>\t\t\t\t<\/div>\n\t\t\t\t<\/div>\n\t\t\t\t<\/div>\n\t\t<div class=\"elementor-element elementor-element-44e919f e-con-full e-flex e-con e-child\" data-id=\"44e919f\" data-element_type=\"container\">\n\t\t\t\t<div class=\"elementor-element elementor-element-bccb436 elementor-position-top elementor-widget elementor-widget-image-box\" data-id=\"bccb436\" data-element_type=\"widget\" data-widget_type=\"image-box.default\">\n\t\t\t\t<div class=\"elementor-widget-container\">\n\t\t\t\t\t<div class=\"elementor-image-box-wrapper\"><figure class=\"elementor-image-box-img\"><img decoding=\"async\" width=\"128\" height=\"128\" src=\"https:\/\/calcafi.com\/wp-content\/uploads\/2025\/03\/deal.png\" class=\"attachment-full size-full wp-image-503\" alt=\"\" srcset=\"https:\/\/calcafi.com\/wp-content\/uploads\/2025\/03\/deal.png 128w, https:\/\/calcafi.com\/wp-content\/uploads\/2025\/03\/deal-100x100.png 100w\" sizes=\"(max-width: 128px) 100vw, 128px\" \/><\/figure><div class=\"elementor-image-box-content\"><h3 class=\"elementor-image-box-title\">Oportunidades de colaboraci\u00f3n<\/h3><p class=\"elementor-image-box-description\">CalCafi, P.C. Clinics fomenta alianzas estrat\u00e9gicas con entidades de investigaci\u00f3n e instituciones acad\u00e9micas para ampliar el impacto de la investigaci\u00f3n.<\/p><\/div><\/div>\t\t\t\t<\/div>\n\t\t\t\t<\/div>\n\t\t\t\t<\/div>\n\t\t\t\t<\/div>\n\t\t<div class=\"elementor-element elementor-element-7f9a598 e-con-full e-flex e-con e-child\" data-id=\"7f9a598\" data-element_type=\"container\">\n\t\t<div class=\"elementor-element elementor-element-114746d e-con-full e-flex e-con e-child\" data-id=\"114746d\" data-element_type=\"container\">\n\t\t\t\t<div class=\"elementor-element elementor-element-cc5be18 elementor-position-top elementor-widget elementor-widget-image-box\" data-id=\"cc5be18\" data-element_type=\"widget\" data-widget_type=\"image-box.default\">\n\t\t\t\t<div class=\"elementor-widget-container\">\n\t\t\t\t\t<div class=\"elementor-image-box-wrapper\"><figure class=\"elementor-image-box-img\"><img loading=\"lazy\" decoding=\"async\" width=\"128\" height=\"128\" src=\"https:\/\/calcafi.com\/wp-content\/uploads\/2025\/03\/journal.png\" class=\"attachment-full size-full wp-image-504\" alt=\"\" srcset=\"https:\/\/calcafi.com\/wp-content\/uploads\/2025\/03\/journal.png 128w, https:\/\/calcafi.com\/wp-content\/uploads\/2025\/03\/journal-100x100.png 100w\" sizes=\"(max-width: 128px) 100vw, 128px\" \/><\/figure><div class=\"elementor-image-box-content\"><h3 class=\"elementor-image-box-title\">Publicaciones y presentaciones<\/h3><p class=\"elementor-image-box-description\">Nuestro equipo de expertos difunde nuevos hallazgos de investigaci\u00f3n a trav\u00e9s de revistas respetadas revisadas por pares y en importantes conferencias acad\u00e9micas.<\/p><\/div><\/div>\t\t\t\t<\/div>\n\t\t\t\t<\/div>\n\t\t<div class=\"elementor-element elementor-element-1f3153e e-con-full e-flex e-con e-child\" data-id=\"1f3153e\" data-element_type=\"container\">\n\t\t\t\t<div class=\"elementor-element elementor-element-c247196 elementor-widget elementor-widget-button\" data-id=\"c247196\" data-element_type=\"widget\" data-widget_type=\"button.default\">\n\t\t\t\t<div class=\"elementor-widget-container\">\n\t\t\t\t\t\t\t\t\t<div class=\"elementor-button-wrapper\">\n\t\t\t\t\t<a class=\"elementor-button elementor-button-link elementor-size-sm\" href=\"https:\/\/pubmed.ncbi.nlm.nih.gov\/?term=Narges+Baluch&#038;sort=date\">\n\t\t\t\t\t\t<span class=\"elementor-button-content-wrapper\">\n\t\t\t\t\t\t\t\t\t<span class=\"elementor-button-text\">Pubmed<\/span>\n\t\t\t\t\t<\/span>\n\t\t\t\t\t<\/a>\n\t\t\t\t<\/div>\n\t\t\t\t\t\t\t\t<\/div>\n\t\t\t\t<\/div>\n\t\t\t\t<div class=\"elementor-element elementor-element-b8118fc elementor-widget elementor-widget-button\" data-id=\"b8118fc\" data-element_type=\"widget\" data-widget_type=\"button.default\">\n\t\t\t\t<div class=\"elementor-widget-container\">\n\t\t\t\t\t\t\t\t\t<div class=\"elementor-button-wrapper\">\n\t\t\t\t\t<a class=\"elementor-button elementor-button-link elementor-size-sm\" href=\"https:\/\/scholar.google.ca\/citations?user=lhYmehYAAAAJ&#038;hl=en\">\n\t\t\t\t\t\t<span class=\"elementor-button-content-wrapper\">\n\t\t\t\t\t\t\t\t\t<span class=\"elementor-button-text\">Google Scholar<\/span>\n\t\t\t\t\t<\/span>\n\t\t\t\t\t<\/a>\n\t\t\t\t<\/div>\n\t\t\t\t\t\t\t\t<\/div>\n\t\t\t\t<\/div>\n\t\t\t\t<\/div>\n\t\t\t\t<\/div>\n\t\t<div class=\"elementor-element elementor-element-33b4667 e-con-full e-flex e-con e-child\" data-id=\"33b4667\" data-element_type=\"container\">\n\t\t\t\t<div class=\"elementor-element elementor-element-28712c7 elementor-position-top elementor-widget elementor-widget-image-box\" data-id=\"28712c7\" data-element_type=\"widget\" data-widget_type=\"image-box.default\">\n\t\t\t\t<div class=\"elementor-widget-container\">\n\t\t\t\t\t<div class=\"elementor-image-box-wrapper\"><figure class=\"elementor-image-box-img\"><img loading=\"lazy\" decoding=\"async\" width=\"128\" height=\"128\" src=\"https:\/\/calcafi.com\/wp-content\/uploads\/2025\/03\/medical.png\" class=\"attachment-full size-full wp-image-505\" alt=\"\" srcset=\"https:\/\/calcafi.com\/wp-content\/uploads\/2025\/03\/medical.png 128w, https:\/\/calcafi.com\/wp-content\/uploads\/2025\/03\/medical-100x100.png 100w\" sizes=\"(max-width: 128px) 100vw, 128px\" \/><\/figure><div class=\"elementor-image-box-content\"><h3 class=\"elementor-image-box-title\">Apoyo a subvenciones<\/h3><p class=\"elementor-image-box-description\">La financiaci\u00f3n de subvenciones estrat\u00e9gicas permite a CalCafi, P.C. Clinics liderar investigaciones innovadoras, mejorando la atenci\u00f3n al paciente y los resultados.<\/p><\/div><\/div>\t\t\t\t<\/div>\n\t\t\t\t<\/div>\n\t\t\t\t<\/div>\n\t\t<div class=\"elementor-element elementor-element-34309e1 e-con-full e-flex e-con e-child\" data-id=\"34309e1\" data-element_type=\"container\">\n\t\t\t\t<\/div>\n\t\t\t\t<\/div>\n\t\t\t\t\t<\/div>\n\t\t\t\t<\/div>\n\t\t\t\t<\/div>\n\t\t","protected":false},"excerpt":{"rendered":"<p>Las Cl\u00ednicas CalCafi, P.C. se dedican a promover la atenci\u00f3n de alergias e inmunolog\u00eda mediante iniciativas de investigaci\u00f3n innovadoras. Proyectos de investigaci\u00f3n actuales Nuestros estudios en curso y la colaboraci\u00f3n con varios institutos de investigaci\u00f3n tanto en Estados Unidos como Canad\u00e1, exploran nuevos enfoques de diagn\u00f3stico y tratamiento para enfermedades al\u00e9rgicas e inmunol\u00f3gicas. \u00c1reas de [&hellip;]<\/p>\n","protected":false},"author":2,"featured_media":0,"parent":0,"menu_order":0,"comment_status":"closed","ping_status":"closed","template":"elementor_header_footer","meta":{"ocean_post_layout":"","ocean_both_sidebars_style":"","ocean_both_sidebars_content_width":0,"ocean_both_sidebars_sidebars_width":0,"ocean_sidebar":"0","ocean_second_sidebar":"0","ocean_disable_margins":"enable","ocean_add_body_class":"","ocean_shortcode_before_top_bar":"","ocean_shortcode_after_top_bar":"","ocean_shortcode_before_header":"","ocean_shortcode_after_header":"","ocean_has_shortcode":"","ocean_shortcode_after_title":"","ocean_shortcode_before_footer_widgets":"","ocean_shortcode_after_footer_widgets":"","ocean_shortcode_before_footer_bottom":"","ocean_shortcode_after_footer_bottom":"","ocean_display_top_bar":"default","ocean_display_header":"default","ocean_header_style":"","ocean_center_header_left_menu":"0","ocean_custom_header_template":"0","ocean_custom_logo":0,"ocean_custom_retina_logo":0,"ocean_custom_logo_max_width":0,"ocean_custom_logo_tablet_max_width":0,"ocean_custom_logo_mobile_max_width":0,"ocean_custom_logo_max_height":0,"ocean_custom_logo_tablet_max_height":0,"ocean_custom_logo_mobile_max_height":0,"ocean_header_custom_menu":"0","ocean_menu_typo_font_family":"0","ocean_menu_typo_font_subset":"","ocean_menu_typo_font_size":0,"ocean_menu_typo_font_size_tablet":0,"ocean_menu_typo_font_size_mobile":0,"ocean_menu_typo_font_size_unit":"px","ocean_menu_typo_font_weight":"","ocean_menu_typo_font_weight_tablet":"","ocean_menu_typo_font_weight_mobile":"","ocean_menu_typo_transform":"","ocean_menu_typo_transform_tablet":"","ocean_menu_typo_transform_mobile":"","ocean_menu_typo_line_height":0,"ocean_menu_typo_line_height_tablet":0,"ocean_menu_typo_line_height_mobile":0,"ocean_menu_typo_line_height_unit":"","ocean_menu_typo_spacing":0,"ocean_menu_typo_spacing_tablet":0,"ocean_menu_typo_spacing_mobile":0,"ocean_menu_typo_spacing_unit":"","ocean_menu_link_color":"","ocean_menu_link_color_hover":"","ocean_menu_link_color_active":"","ocean_menu_link_background":"","ocean_menu_link_hover_background":"","ocean_menu_link_active_background":"","ocean_menu_social_links_bg":"","ocean_menu_social_hover_links_bg":"","ocean_menu_social_links_color":"","ocean_menu_social_hover_links_color":"","ocean_disable_title":"default","ocean_disable_heading":"default","ocean_post_title":"","ocean_post_subheading":"","ocean_post_title_style":"","ocean_post_title_background_color":"","ocean_post_title_background":0,"ocean_post_title_bg_image_position":"","ocean_post_title_bg_image_attachment":"","ocean_post_title_bg_image_repeat":"","ocean_post_title_bg_image_size":"","ocean_post_title_height":0,"ocean_post_title_bg_overlay":0.5,"ocean_post_title_bg_overlay_color":"","ocean_disable_breadcrumbs":"default","ocean_breadcrumbs_color":"","ocean_breadcrumbs_separator_color":"","ocean_breadcrumbs_links_color":"","ocean_breadcrumbs_links_hover_color":"","ocean_display_footer_widgets":"default","ocean_display_footer_bottom":"default","ocean_custom_footer_template":"0","footnotes":""},"class_list":["post-1727","page","type-page","status-publish","hentry","entry","owp-thumbs-layout-horizontal","owp-btn-normal","owp-tabs-layout-horizontal","has-no-thumbnails","has-product-nav"],"_links":{"self":[{"href":"https:\/\/calcafi.com\/es\/wp-json\/wp\/v2\/pages\/1727","targetHints":{"allow":["GET"]}}],"collection":[{"href":"https:\/\/calcafi.com\/es\/wp-json\/wp\/v2\/pages"}],"about":[{"href":"https:\/\/calcafi.com\/es\/wp-json\/wp\/v2\/types\/page"}],"author":[{"embeddable":true,"href":"https:\/\/calcafi.com\/es\/wp-json\/wp\/v2\/users\/2"}],"replies":[{"embeddable":true,"href":"https:\/\/calcafi.com\/es\/wp-json\/wp\/v2\/comments?post=1727"}],"version-history":[{"count":1,"href":"https:\/\/calcafi.com\/es\/wp-json\/wp\/v2\/pages\/1727\/revisions"}],"predecessor-version":[{"id":1728,"href":"https:\/\/calcafi.com\/es\/wp-json\/wp\/v2\/pages\/1727\/revisions\/1728"}],"wp:attachment":[{"href":"https:\/\/calcafi.com\/es\/wp-json\/wp\/v2\/media?parent=1727"}],"curies":[{"name":"wp","href":"https:\/\/api.w.org\/{rel}","templated":true}]}}