{"id":1732,"date":"2025-03-05T07:52:03","date_gmt":"2025-03-05T07:52:03","guid":{"rendered":"https:\/\/calcafi.com\/nuestros-servicios\/"},"modified":"2025-06-07T09:10:02","modified_gmt":"2025-06-07T09:10:02","slug":"nuestros-servicios","status":"publish","type":"page","link":"https:\/\/calcafi.com\/es\/nuestros-servicios\/","title":{"rendered":"Nuestros servicios"},"content":{"rendered":"\t\t<div data-elementor-type=\"wp-page\" data-elementor-id=\"1732\" class=\"elementor elementor-1732 elementor-261\" data-elementor-post-type=\"page\">\n\t\t\t\t<div class=\"elementor-element elementor-element-0bd64d9 e-flex e-con-boxed e-con e-parent\" data-id=\"0bd64d9\" data-element_type=\"container\">\n\t\t\t\t\t<div class=\"e-con-inner\">\n\t\t<div class=\"elementor-element elementor-element-2622768 e-con-full e-flex e-con e-child\" data-id=\"2622768\" data-element_type=\"container\">\n\t\t\t\t<div class=\"elementor-element elementor-element-fad5cd3 elementor-position-left elementor-position-left elementor-position-top elementor-vertical-align-top elementor-widget elementor-widget-image-box\" data-id=\"fad5cd3\" data-element_type=\"widget\" data-widget_type=\"image-box.default\">\n\t\t\t\t<div class=\"elementor-widget-container\">\n\t\t\t\t\t<div class=\"elementor-image-box-wrapper\"><figure class=\"elementor-image-box-img\"><a href=\"https:\/\/calcafi.com\/es\/servicios\/alergia-alimentaria\/\" tabindex=\"-1\"><img decoding=\"async\" src=\"https:\/\/calcafi.com\/wp-content\/uploads\/2025\/05\/Food-Allergy-1.webp\" title=\"Food Allergy\" alt=\"Food Allergy\" loading=\"lazy\" \/><\/a><\/figure><div class=\"elementor-image-box-content\"><h3 class=\"elementor-image-box-title\"><a href=\"https:\/\/calcafi.com\/es\/servicios\/alergia-alimentaria\/\">Alergia Alimentaria<\/a><\/h3><p class=\"elementor-image-box-description\">Las Cl\u00ednicas CalCafi, P.C., dirigidas por la Dra. Baluch, especialista en alergias alimentarias con formaci\u00f3n en el Hospital SickKids y la UCSD, ofrecen pruebas integrales de alergia (punci\u00f3n cut\u00e1nea, an\u00e1lisis de sangre de IgE, provocaci\u00f3n alimentaria oral) y soluciones innovadoras de inmunoterapia para ni\u00f1os y adultos. Su programa \"Nutrir y Nutrir\" aborda la prevenci\u00f3n de alergias desde el embarazo, mientras que el \"Protocolo de Confort\" ofrece inmunoterapia m\u00e1s segura y accesible para minimizar las reacciones graves y la carga familiar. Impulsados ??por una misi\u00f3n centrada en el paciente, la Dra. Baluch, su equipo y sus colaboradores cl\u00ednicos empoderan a las familias para superar el miedo, fomentando la confianza y una relaci\u00f3n m\u00e1s saludable con los alimentos a trav\u00e9s de la atenci\u00f3n hol\u00edstica.<\/p><\/div><\/div>\t\t\t\t<\/div>\n\t\t\t\t<\/div>\n\t\t\t\t<\/div>\n\t\t\t\t\t<\/div>\n\t\t\t\t<\/div>\n\t\t<div class=\"elementor-element elementor-element-e46b79a e-flex e-con-boxed e-con e-parent\" data-id=\"e46b79a\" data-element_type=\"container\">\n\t\t\t\t\t<div class=\"e-con-inner\">\n\t\t<div class=\"elementor-element elementor-element-6faa26a e-con-full e-flex e-con e-child\" data-id=\"6faa26a\" data-element_type=\"container\">\n\t\t\t\t<div class=\"elementor-element elementor-element-c1cbfa6 elementor-position-right elementor-position-top elementor-vertical-align-top elementor-widget elementor-widget-image-box\" data-id=\"c1cbfa6\" data-element_type=\"widget\" data-widget_type=\"image-box.default\">\n\t\t\t\t<div class=\"elementor-widget-container\">\n\t\t\t\t\t<div class=\"elementor-image-box-wrapper\"><figure class=\"elementor-image-box-img\"><a href=\"https:\/\/calcafi.com\/es\/servicios\/alergias-ambientales\/\" tabindex=\"-1\"><img decoding=\"async\" src=\"https:\/\/calcafi.com\/wp-content\/uploads\/2025\/05\/Environmental-Allergies.webp\" title=\"Environmental Allergies\" alt=\"Environmental Allergies\" loading=\"lazy\" \/><\/a><\/figure><div class=\"elementor-image-box-content\"><h3 class=\"elementor-image-box-title\"><a href=\"https:\/\/calcafi.com\/es\/servicios\/alergias-ambientales\/\">Alergias Ambientales<\/a><\/h3><p class=\"elementor-image-box-description\">Las Cl\u00ednicas CalCafi, P.C., dirigidas por la Dra. Narges Baluch, se especializan en la atenci\u00f3n personalizada de alergias ambientales, empleando diagn\u00f3sticos avanzados como punci\u00f3n cut\u00e1nea y an\u00e1lisis de sangre para identificar desencadenantes como polen, \u00e1caros del polvo y moho. Las opciones de inmunoterapia personalizadas, que incluyen tabletas sublinguales, gotas o inyecciones, est\u00e1n dise\u00f1adas para reeducar el sistema inmunitario, aliviar los s\u00edntomas y reducir la dependencia a medicamentos a largo plazo. Mediante la educaci\u00f3n y el empoderamiento, la cl\u00ednica ayuda a los pacientes a recuperar una vida activa y plena, abordando tanto los s\u00edntomas f\u00edsicos como el impacto general de las alergias ambientales.<\/p><\/div><\/div>\t\t\t\t<\/div>\n\t\t\t\t<\/div>\n\t\t\t\t<\/div>\n\t\t\t\t\t<\/div>\n\t\t\t\t<\/div>\n\t\t<div class=\"elementor-element elementor-element-0f077fa e-flex e-con-boxed e-con e-parent\" data-id=\"0f077fa\" data-element_type=\"container\">\n\t\t\t\t\t<div class=\"e-con-inner\">\n\t\t<div class=\"elementor-element elementor-element-7c68c62 e-con-full e-flex e-con e-child\" data-id=\"7c68c62\" data-element_type=\"container\">\n\t\t\t\t<div class=\"elementor-element elementor-element-46c0c41 elementor-position-left elementor-position-left elementor-position-top elementor-vertical-align-top elementor-widget elementor-widget-image-box\" data-id=\"46c0c41\" data-element_type=\"widget\" data-widget_type=\"image-box.default\">\n\t\t\t\t<div class=\"elementor-widget-container\">\n\t\t\t\t\t<div class=\"elementor-image-box-wrapper\"><figure class=\"elementor-image-box-img\"><a href=\"https:\/\/calcafi.com\/es\/servicios\/alergias-a-los-medicamentos\/\" tabindex=\"-1\"><img fetchpriority=\"high\" decoding=\"async\" width=\"600\" height=\"450\" src=\"https:\/\/calcafi.com\/wp-content\/uploads\/2025\/05\/Drug-Allergies.webp\" class=\"attachment-full size-full wp-image-1261\" alt=\"Drug Allergies\" srcset=\"https:\/\/calcafi.com\/wp-content\/uploads\/2025\/05\/Drug-Allergies.webp 600w, https:\/\/calcafi.com\/wp-content\/uploads\/2025\/05\/Drug-Allergies-300x225.webp 300w\" sizes=\"(max-width: 600px) 100vw, 600px\" \/><\/a><\/figure><div class=\"elementor-image-box-content\"><h3 class=\"elementor-image-box-title\"><a href=\"https:\/\/calcafi.com\/es\/servicios\/alergias-a-los-medicamentos\/\">Alergias a Los Medicamentos<\/a><\/h3><p class=\"elementor-image-box-description\">Las Cl\u00ednicas CalCafi, P.C., dirigidas por la Dra. Narges Baluch, se especializan en el diagn\u00f3stico preciso de alergias a medicamentos mediante pruebas avanzadas (pruebas cut\u00e1neas\/parche, provocaci\u00f3n de medicamentos) para diferenciar las reacciones inmunomediadas de los efectos secundarios, reduciendo as\u00ed la necesidad de evitar medicamentos innecesariamente. Su programa de desetiquetado de penicilina autoriza de forma segura el uso de penicilina tras una evaluaci\u00f3n rigurosa, lo que aborda la optimizaci\u00f3n del uso de antibi\u00f3ticos y reduce los costos de atenci\u00f3n m\u00e9dica. Al colaborar con m\u00e9dicos, farmac\u00e9uticos y pacientes mediante planes personalizados y educaci\u00f3n, CalCafi, P.C. permite a las personas controlar las alergias con confianza, garantizando opciones de tratamiento m\u00e1s seguras y eficaces y una mejor calidad de vida.<\/p><\/div><\/div>\t\t\t\t<\/div>\n\t\t\t\t<\/div>\n\t\t\t\t<\/div>\n\t\t\t\t\t<\/div>\n\t\t\t\t<\/div>\n\t\t<div class=\"elementor-element elementor-element-e7e1602 e-flex e-con-boxed e-con e-parent\" data-id=\"e7e1602\" data-element_type=\"container\">\n\t\t\t\t\t<div class=\"e-con-inner\">\n\t\t<div class=\"elementor-element elementor-element-bdce21b e-con-full e-flex e-con e-child\" data-id=\"bdce21b\" data-element_type=\"container\">\n\t\t\t\t<div class=\"elementor-element elementor-element-c8db29d elementor-position-right elementor-position-top elementor-vertical-align-top elementor-widget elementor-widget-image-box\" data-id=\"c8db29d\" data-element_type=\"widget\" data-widget_type=\"image-box.default\">\n\t\t\t\t<div class=\"elementor-widget-container\">\n\t\t\t\t\t<div class=\"elementor-image-box-wrapper\"><figure class=\"elementor-image-box-img\"><a href=\"https:\/\/calcafi.com\/es\/servicios\/trastornos-del-sistema-inmunitario\/\" tabindex=\"-1\"><img decoding=\"async\" width=\"600\" height=\"450\" src=\"https:\/\/calcafi.com\/wp-content\/uploads\/2025\/05\/Immune-System-Disorders.webp\" class=\"attachment-full size-full wp-image-1262\" alt=\"\" srcset=\"https:\/\/calcafi.com\/wp-content\/uploads\/2025\/05\/Immune-System-Disorders.webp 600w, https:\/\/calcafi.com\/wp-content\/uploads\/2025\/05\/Immune-System-Disorders-300x225.webp 300w\" sizes=\"(max-width: 600px) 100vw, 600px\" \/><\/a><\/figure><div class=\"elementor-image-box-content\"><h3 class=\"elementor-image-box-title\"><a href=\"https:\/\/calcafi.com\/es\/servicios\/trastornos-del-sistema-inmunitario\/\">Trastornos Del Sistema Inmunitario<\/a><\/h3><p class=\"elementor-image-box-description\">Las Cl\u00ednicas CalCafi, P.C. revolucionan la atenci\u00f3n de trastornos inmunitarios en el sur de California al integrar diagn\u00f3sticos avanzados (perfiles inmunitarios basados ??en IA, evaluaciones gen\u00e9ticas y del microbioma) con terapias de precisi\u00f3n como la nanotecnolog\u00eda para restablecer el equilibrio y la resiliencia inmunitaria. Su enfoque hol\u00edstico combina planes de tratamiento personalizados, monitorizaci\u00f3n de la salud mediante dispositivos port\u00e1tiles, estrategias nutricionales y apoyo mediante telemedicina para afecciones que abarcan desde enfermedades autoinmunes hasta inmunodeficiencias. Mediante investigaci\u00f3n colaborativa y modelos de atenci\u00f3n innovadores, la cl\u00ednica empodera a los pacientes para que trasciendan los tratamientos tradicionales y alcancen un bienestar a largo plazo.<\/p><\/div><\/div>\t\t\t\t<\/div>\n\t\t\t\t<\/div>\n\t\t\t\t<\/div>\n\t\t\t\t\t<\/div>\n\t\t\t\t<\/div>\n\t\t<div class=\"elementor-element elementor-element-5619d51 e-flex e-con-boxed e-con e-parent\" data-id=\"5619d51\" data-element_type=\"container\">\n\t\t\t\t\t<div class=\"e-con-inner\">\n\t\t<div class=\"elementor-element elementor-element-99a980b e-con-full e-flex e-con e-child\" data-id=\"99a980b\" data-element_type=\"container\">\n\t\t\t\t<div class=\"elementor-element elementor-element-be996fd elementor-position-left elementor-position-left elementor-position-top elementor-vertical-align-top elementor-widget elementor-widget-image-box\" data-id=\"be996fd\" data-element_type=\"widget\" data-widget_type=\"image-box.default\">\n\t\t\t\t<div class=\"elementor-widget-container\">\n\t\t\t\t\t<div class=\"elementor-image-box-wrapper\"><figure class=\"elementor-image-box-img\"><a href=\"https:\/\/calcafi.com\/es\/servicios\/asma\/\" tabindex=\"-1\"><img decoding=\"async\" width=\"600\" height=\"450\" src=\"https:\/\/calcafi.com\/wp-content\/uploads\/2025\/05\/Asthma.webp\" class=\"attachment-full size-full wp-image-1263\" alt=\"Asthma\" srcset=\"https:\/\/calcafi.com\/wp-content\/uploads\/2025\/05\/Asthma.webp 600w, https:\/\/calcafi.com\/wp-content\/uploads\/2025\/05\/Asthma-300x225.webp 300w\" sizes=\"(max-width: 600px) 100vw, 600px\" \/><\/a><\/figure><div class=\"elementor-image-box-content\"><h3 class=\"elementor-image-box-title\"><a href=\"https:\/\/calcafi.com\/es\/servicios\/asma\/\">Asma<\/a><\/h3><p class=\"elementor-image-box-description\">Las Cl\u00ednicas CalCafi, P.C. ofrecen atenci\u00f3n avanzada para el asma mediante diagn\u00f3sticos de vanguardia, como pruebas de funci\u00f3n pulmonar, an\u00e1lisis de FeNO y tecnolog\u00eda molecular del aliento impulsada por IA, para garantizar un diagn\u00f3stico y monitoreo precisos gracias a la experiencia del Dr. Baluch. Su enfoque integral combina pruebas de alergia, inmunoterapia, tratamientos personalizados (biol\u00f3gicos, inhaladores, nutrici\u00f3n) y herramientas innovadoras como monitores port\u00e1tiles y educaci\u00f3n en realidad virtual para el empoderamiento integral del paciente. Mediante ensayos cl\u00ednicos pioneros y estrategias hol\u00edsticas, la cl\u00ednica redefine el manejo del asma, ayudando a los pacientes a lograr una vida m\u00e1s saludable y activa con un mejor control respiratorio.<\/p><\/div><\/div>\t\t\t\t<\/div>\n\t\t\t\t<\/div>\n\t\t\t\t<\/div>\n\t\t\t\t\t<\/div>\n\t\t\t\t<\/div>\n\t\t<div class=\"elementor-element elementor-element-9b9a083 e-flex e-con-boxed e-con e-parent\" data-id=\"9b9a083\" data-element_type=\"container\">\n\t\t\t\t\t<div class=\"e-con-inner\">\n\t\t<div class=\"elementor-element elementor-element-71646f1 e-con-full e-flex e-con e-child\" data-id=\"71646f1\" data-element_type=\"container\">\n\t\t\t\t<div class=\"elementor-element elementor-element-fe97f7b elementor-position-right elementor-position-top elementor-vertical-align-top elementor-widget elementor-widget-image-box\" data-id=\"fe97f7b\" data-element_type=\"widget\" data-widget_type=\"image-box.default\">\n\t\t\t\t<div class=\"elementor-widget-container\">\n\t\t\t\t\t<div class=\"elementor-image-box-wrapper\"><figure class=\"elementor-image-box-img\"><a href=\"https:\/\/calcafi.com\/es\/servicios\/eczema\/\" tabindex=\"-1\"><img loading=\"lazy\" decoding=\"async\" width=\"600\" height=\"450\" src=\"https:\/\/calcafi.com\/wp-content\/uploads\/2025\/05\/Eczema.webp\" class=\"attachment-full size-full wp-image-1264\" alt=\"Eczema\" srcset=\"https:\/\/calcafi.com\/wp-content\/uploads\/2025\/05\/Eczema.webp 600w, https:\/\/calcafi.com\/wp-content\/uploads\/2025\/05\/Eczema-300x225.webp 300w\" sizes=\"(max-width: 600px) 100vw, 600px\" \/><\/a><\/figure><div class=\"elementor-image-box-content\"><h3 class=\"elementor-image-box-title\"><a href=\"https:\/\/calcafi.com\/es\/servicios\/eczema\/\">Eczema<\/a><\/h3><p class=\"elementor-image-box-description\">Las Cl\u00ednicas CalCafi, P.C. ofrecen atenci\u00f3n centrada en el paciente para el eccema mediante evaluaciones integrales de los desencadenantes ambientales, nutricionales y microbianos, y elaboran planes de tratamiento personalizados que abordan las causas y los s\u00edntomas, gracias a la experiencia del Dr. Baluch, tanto en pediatr\u00eda como en adultos. Con \u00e9nfasis en la intervenci\u00f3n temprana y la prevenci\u00f3n, la cl\u00ednica integra terapias biol\u00f3gicas de vanguardia, soluciones naturales y estrategias hol\u00edsticas centradas en la salud de la barrera cut\u00e1nea, la nutrici\u00f3n y el manejo del entorno. Al combinar atenci\u00f3n compasiva, educaci\u00f3n y enfoques innovadores, CalCafi, P.C. empodera a las familias para lograr un alivio duradero y una piel m\u00e1s sana, a la vez que reduce el riesgo de alergias futuras.<\/p><\/div><\/div>\t\t\t\t<\/div>\n\t\t\t\t<\/div>\n\t\t\t\t<\/div>\n\t\t\t\t\t<\/div>\n\t\t\t\t<\/div>\n\t\t<div class=\"elementor-element elementor-element-5d7e3b4 e-flex e-con-boxed e-con e-parent\" data-id=\"5d7e3b4\" data-element_type=\"container\">\n\t\t\t\t\t<div class=\"e-con-inner\">\n\t\t<div class=\"elementor-element elementor-element-1d4a586 e-con-full e-flex e-con e-child\" data-id=\"1d4a586\" data-element_type=\"container\">\n\t\t\t\t<div class=\"elementor-element elementor-element-5c2be66 elementor-position-left elementor-position-left elementor-position-top elementor-vertical-align-top elementor-widget elementor-widget-image-box\" data-id=\"5c2be66\" data-element_type=\"widget\" data-widget_type=\"image-box.default\">\n\t\t\t\t<div class=\"elementor-widget-container\">\n\t\t\t\t\t<div class=\"elementor-image-box-wrapper\"><figure class=\"elementor-image-box-img\"><a href=\"https:\/\/calcafi.com\/es\/servicios\/dermatitis-de-contacto\/\" tabindex=\"-1\"><img loading=\"lazy\" decoding=\"async\" width=\"600\" height=\"450\" src=\"https:\/\/calcafi.com\/wp-content\/uploads\/2025\/05\/Contact-Dermatitis.webp\" class=\"attachment-full size-full wp-image-1265\" alt=\"Contact Dermatitis\" srcset=\"https:\/\/calcafi.com\/wp-content\/uploads\/2025\/05\/Contact-Dermatitis.webp 600w, https:\/\/calcafi.com\/wp-content\/uploads\/2025\/05\/Contact-Dermatitis-300x225.webp 300w\" sizes=\"(max-width: 600px) 100vw, 600px\" \/><\/a><\/figure><div class=\"elementor-image-box-content\"><h3 class=\"elementor-image-box-title\"><a href=\"https:\/\/calcafi.com\/es\/servicios\/dermatitis-de-contacto\/\">Dermatitis De Contacto<\/a><\/h3><p class=\"elementor-image-box-description\">Las Cl\u00ednicas CalCafi, P.C. se especializan en el diagn\u00f3stico y manejo de la dermatitis de contacto mediante pruebas de parche de referencia para identificar al\u00e9rgenos o irritantes, seguidas de planes de tratamiento personalizados que combinan la ciencia m\u00e9dica con terapias naturales innovadoras, como soluciones a base de algas marinas. Su enfoque hol\u00edstico aborda s\u00edntomas como picaz\u00f3n, enrojecimiento e inflamaci\u00f3n, a la vez que educa a los pacientes sobre estrategias de prevenci\u00f3n para romper el ciclo de irritaci\u00f3n cut\u00e1nea. Al integrar diagn\u00f3sticos precisos, tratamientos avanzados y orientaci\u00f3n compasiva, CalCafi, P.C. empodera a las personas para restaurar la salud de la piel, reducir las molestias y recuperar la confianza en la vida diaria.<\/p><\/div><\/div>\t\t\t\t<\/div>\n\t\t\t\t<\/div>\n\t\t\t\t<\/div>\n\t\t\t\t\t<\/div>\n\t\t\t\t<\/div>\n\t\t\t\t<\/div>\n\t\t","protected":false},"excerpt":{"rendered":"<p>Alergia Alimentaria Las Cl\u00ednicas CalCafi, P.C., dirigidas por la Dra. Baluch, especialista en alergias alimentarias con formaci\u00f3n en el Hospital SickKids y la UCSD, ofrecen pruebas integrales de alergia (punci\u00f3n cut\u00e1nea, an\u00e1lisis de sangre de IgE, provocaci\u00f3n alimentaria oral) y soluciones innovadoras de inmunoterapia para ni\u00f1os y adultos. Su programa \u00abNutrir y Nutrir\u00bb aborda la [&hellip;]<\/p>\n","protected":false},"author":2,"featured_media":0,"parent":0,"menu_order":0,"comment_status":"closed","ping_status":"closed","template":"elementor_header_footer","meta":{"ocean_post_layout":"","ocean_both_sidebars_style":"","ocean_both_sidebars_content_width":0,"ocean_both_sidebars_sidebars_width":0,"ocean_sidebar":"0","ocean_second_sidebar":"0","ocean_disable_margins":"enable","ocean_add_body_class":"","ocean_shortcode_before_top_bar":"","ocean_shortcode_after_top_bar":"","ocean_shortcode_before_header":"","ocean_shortcode_after_header":"","ocean_has_shortcode":"","ocean_shortcode_after_title":"","ocean_shortcode_before_footer_widgets":"","ocean_shortcode_after_footer_widgets":"","ocean_shortcode_before_footer_bottom":"","ocean_shortcode_after_footer_bottom":"","ocean_display_top_bar":"default","ocean_display_header":"default","ocean_header_style":"","ocean_center_header_left_menu":"0","ocean_custom_header_template":"0","ocean_custom_logo":0,"ocean_custom_retina_logo":0,"ocean_custom_logo_max_width":0,"ocean_custom_logo_tablet_max_width":0,"ocean_custom_logo_mobile_max_width":0,"ocean_custom_logo_max_height":0,"ocean_custom_logo_tablet_max_height":0,"ocean_custom_logo_mobile_max_height":0,"ocean_header_custom_menu":"0","ocean_menu_typo_font_family":"0","ocean_menu_typo_font_subset":"","ocean_menu_typo_font_size":0,"ocean_menu_typo_font_size_tablet":0,"ocean_menu_typo_font_size_mobile":0,"ocean_menu_typo_font_size_unit":"px","ocean_menu_typo_font_weight":"","ocean_menu_typo_font_weight_tablet":"","ocean_menu_typo_font_weight_mobile":"","ocean_menu_typo_transform":"","ocean_menu_typo_transform_tablet":"","ocean_menu_typo_transform_mobile":"","ocean_menu_typo_line_height":0,"ocean_menu_typo_line_height_tablet":0,"ocean_menu_typo_line_height_mobile":0,"ocean_menu_typo_line_height_unit":"","ocean_menu_typo_spacing":0,"ocean_menu_typo_spacing_tablet":0,"ocean_menu_typo_spacing_mobile":0,"ocean_menu_typo_spacing_unit":"","ocean_menu_link_color":"","ocean_menu_link_color_hover":"","ocean_menu_link_color_active":"","ocean_menu_link_background":"","ocean_menu_link_hover_background":"","ocean_menu_link_active_background":"","ocean_menu_social_links_bg":"","ocean_menu_social_hover_links_bg":"","ocean_menu_social_links_color":"","ocean_menu_social_hover_links_color":"","ocean_disable_title":"default","ocean_disable_heading":"default","ocean_post_title":"","ocean_post_subheading":"","ocean_post_title_style":"","ocean_post_title_background_color":"","ocean_post_title_background":0,"ocean_post_title_bg_image_position":"","ocean_post_title_bg_image_attachment":"","ocean_post_title_bg_image_repeat":"","ocean_post_title_bg_image_size":"","ocean_post_title_height":0,"ocean_post_title_bg_overlay":0.5,"ocean_post_title_bg_overlay_color":"","ocean_disable_breadcrumbs":"default","ocean_breadcrumbs_color":"","ocean_breadcrumbs_separator_color":"","ocean_breadcrumbs_links_color":"","ocean_breadcrumbs_links_hover_color":"","ocean_display_footer_widgets":"default","ocean_display_footer_bottom":"default","ocean_custom_footer_template":"0","footnotes":""},"class_list":["post-1732","page","type-page","status-publish","hentry","entry","owp-thumbs-layout-horizontal","owp-btn-normal","owp-tabs-layout-horizontal","has-no-thumbnails","has-product-nav"],"_links":{"self":[{"href":"https:\/\/calcafi.com\/es\/wp-json\/wp\/v2\/pages\/1732","targetHints":{"allow":["GET"]}}],"collection":[{"href":"https:\/\/calcafi.com\/es\/wp-json\/wp\/v2\/pages"}],"about":[{"href":"https:\/\/calcafi.com\/es\/wp-json\/wp\/v2\/types\/page"}],"author":[{"embeddable":true,"href":"https:\/\/calcafi.com\/es\/wp-json\/wp\/v2\/users\/2"}],"replies":[{"embeddable":true,"href":"https:\/\/calcafi.com\/es\/wp-json\/wp\/v2\/comments?post=1732"}],"version-history":[{"count":1,"href":"https:\/\/calcafi.com\/es\/wp-json\/wp\/v2\/pages\/1732\/revisions"}],"predecessor-version":[{"id":1733,"href":"https:\/\/calcafi.com\/es\/wp-json\/wp\/v2\/pages\/1732\/revisions\/1733"}],"wp:attachment":[{"href":"https:\/\/calcafi.com\/es\/wp-json\/wp\/v2\/media?parent=1732"}],"curies":[{"name":"wp","href":"https:\/\/api.w.org\/{rel}","templated":true}]}}