{"id":1734,"date":"2025-03-17T09:32:59","date_gmt":"2025-03-17T09:32:59","guid":{"rendered":"https:\/\/calcafi.com\/recursos-para-pacientes-como-fortalecer-su-camino-hacia-la-salud\/"},"modified":"2025-06-07T09:11:14","modified_gmt":"2025-06-07T09:11:14","slug":"recursos-para-pacientes-como-fortalecer-su-camino-hacia-la-salud","status":"publish","type":"page","link":"https:\/\/calcafi.com\/es\/recursos-para-pacientes-como-fortalecer-su-camino-hacia-la-salud\/","title":{"rendered":"Recursos para pacientes: C\u00f3mo fortalecer su camino hacia la salud"},"content":{"rendered":"\t\t<div data-elementor-type=\"wp-page\" data-elementor-id=\"1734\" class=\"elementor elementor-1734 elementor-467\" data-elementor-post-type=\"page\">\n\t\t\t\t<div class=\"elementor-element elementor-element-126c983 e-flex e-con-boxed e-con e-parent\" data-id=\"126c983\" data-element_type=\"container\" data-settings=\"{&quot;background_background&quot;:&quot;classic&quot;}\">\n\t\t\t\t\t<div class=\"e-con-inner\">\n\t\t\t\t<div class=\"elementor-element elementor-element-79131e3 elementor-widget elementor-widget-text-editor\" data-id=\"79131e3\" data-element_type=\"widget\" data-widget_type=\"text-editor.default\">\n\t\t\t\t<div class=\"elementor-widget-container\">\n\t\t\t\t\t\t\t\t\t<p>En CalCafi, Cl\u00ednicas de Cuidados Intensivos, creemos que los pacientes informados son pacientes empoderados. Nuestros recursos integrales est\u00e1n dise\u00f1ados para apoyar su camino hacia una mejor salud.<\/p>\n\t\t\t\t\t\t\t\t<\/div>\n\t\t\t\t<\/div>\n\t\t<div class=\"elementor-element elementor-element-e20aeb7 e-con-full e-flex e-con e-child\" data-id=\"e20aeb7\" data-element_type=\"container\">\n\t\t<div class=\"elementor-element elementor-element-8cf74d7 e-con-full e-flex e-con e-child\" data-id=\"8cf74d7\" data-element_type=\"container\">\n\t\t\t\t<div class=\"elementor-element elementor-element-edeaa66 elementor-position-top elementor-widget elementor-widget-image-box\" data-id=\"edeaa66\" data-element_type=\"widget\" data-widget_type=\"image-box.default\">\n\t\t\t\t<div class=\"elementor-widget-container\">\n\t\t\t\t\t<div class=\"elementor-image-box-wrapper\"><figure class=\"elementor-image-box-img\"><a href=\"https:\/\/calcafi.com\/appointment\/\" tabindex=\"-1\"><img decoding=\"async\" width=\"128\" height=\"128\" src=\"https:\/\/calcafi.com\/wp-content\/uploads\/2025\/03\/consent.png\" class=\"attachment-full size-full wp-image-490\" alt=\"\" srcset=\"https:\/\/calcafi.com\/wp-content\/uploads\/2025\/03\/consent.png 128w, https:\/\/calcafi.com\/wp-content\/uploads\/2025\/03\/consent-100x100.png 100w\" sizes=\"(max-width: 128px) 100vw, 128px\" \/><\/a><\/figure><div class=\"elementor-image-box-content\"><h3 class=\"elementor-image-box-title\"><a href=\"https:\/\/calcafi.com\/appointment\/\">Formularios para pacientes nuevos<\/a><\/h3><p class=\"elementor-image-box-description\">Agilice su primera visita completando nuestros formularios seguros en l\u00ednea, ahorr\u00e1ndole tiempo y garantizando que tengamos su informaci\u00f3n m\u00e1s actualizada.<\/p><\/div><\/div>\t\t\t\t<\/div>\n\t\t\t\t<\/div>\n\t\t\t\t<\/div>\n\t\t<div class=\"elementor-element elementor-element-ff04441 e-con-full e-flex e-con e-child\" data-id=\"ff04441\" data-element_type=\"container\">\n\t\t\t\t<div class=\"elementor-element elementor-element-0a8d068 elementor-position-top elementor-widget elementor-widget-image-box\" data-id=\"0a8d068\" data-element_type=\"widget\" data-widget_type=\"image-box.default\">\n\t\t\t\t<div class=\"elementor-widget-container\">\n\t\t\t\t\t<div class=\"elementor-image-box-wrapper\"><figure class=\"elementor-image-box-img\"><a href=\"https:\/\/calcafi.com\/health-insurance\/\" tabindex=\"-1\"><img decoding=\"async\" width=\"128\" height=\"128\" src=\"https:\/\/calcafi.com\/wp-content\/uploads\/2025\/03\/healthcare.png\" class=\"attachment-full size-full wp-image-491\" alt=\"\" srcset=\"https:\/\/calcafi.com\/wp-content\/uploads\/2025\/03\/healthcare.png 128w, https:\/\/calcafi.com\/wp-content\/uploads\/2025\/03\/healthcare-100x100.png 100w\" sizes=\"(max-width: 128px) 100vw, 128px\" \/><\/a><\/figure><div class=\"elementor-image-box-content\"><h3 class=\"elementor-image-box-title\"><a href=\"https:\/\/calcafi.com\/health-insurance\/\">Informaci\u00f3n del seguro<\/a><\/h3><p class=\"elementor-image-box-description\">Aceptamos la mayor\u00eda de los seguros m\u00e9dicos principales. Nuestro equipo verificar\u00e1 su cobertura y le explicar\u00e1 los gastos de bolsillo antes de su cita.<\/p><\/div><\/div>\t\t\t\t<\/div>\n\t\t\t\t<\/div>\n\t\t\t\t<\/div>\n\t\t<div class=\"elementor-element elementor-element-017d7e0 e-con-full e-flex e-con e-child\" data-id=\"017d7e0\" data-element_type=\"container\">\n\t\t\t\t<div class=\"elementor-element elementor-element-b0dd11b elementor-position-top elementor-widget elementor-widget-image-box\" data-id=\"b0dd11b\" data-element_type=\"widget\" data-widget_type=\"image-box.default\">\n\t\t\t\t<div class=\"elementor-widget-container\">\n\t\t\t\t\t<div class=\"elementor-image-box-wrapper\"><figure class=\"elementor-image-box-img\"><img decoding=\"async\" width=\"128\" height=\"128\" src=\"https:\/\/calcafi.com\/wp-content\/uploads\/2025\/03\/information.png\" class=\"attachment-full size-full wp-image-492\" alt=\"\" srcset=\"https:\/\/calcafi.com\/wp-content\/uploads\/2025\/03\/information.png 128w, https:\/\/calcafi.com\/wp-content\/uploads\/2025\/03\/information-100x100.png 100w\" sizes=\"(max-width: 128px) 100vw, 128px\" \/><\/figure><div class=\"elementor-image-box-content\"><h3 class=\"elementor-image-box-title\">Materiales educativos para el paciente<\/h3><p class=\"elementor-image-box-description\">Acceda a nuestra biblioteca de gu\u00edas f\u00e1ciles de entender sobre alergias, inmunolog\u00eda y opciones de tratamiento para convertirse en un socio informado en su atenci\u00f3n.<\/p><\/div><\/div>\t\t\t\t<\/div>\n\t\t\t\t<\/div>\n\t\t\t\t<\/div>\n\t\t\t\t<\/div>\n\t\t<div class=\"elementor-element elementor-element-aa1b3b6 e-con-full e-flex e-con e-child\" data-id=\"aa1b3b6\" data-element_type=\"container\">\n\t\t<div class=\"elementor-element elementor-element-0162ce0 e-con-full e-flex e-con e-child\" data-id=\"0162ce0\" data-element_type=\"container\">\n\t\t\t\t<div class=\"elementor-element elementor-element-862ba13 elementor-position-top elementor-widget elementor-widget-image-box\" data-id=\"862ba13\" data-element_type=\"widget\" data-widget_type=\"image-box.default\">\n\t\t\t\t<div class=\"elementor-widget-container\">\n\t\t\t\t\t<div class=\"elementor-image-box-wrapper\"><figure class=\"elementor-image-box-img\"><img loading=\"lazy\" decoding=\"async\" width=\"128\" height=\"128\" src=\"https:\/\/calcafi.com\/wp-content\/uploads\/2025\/03\/conversation.png\" class=\"attachment-full size-full wp-image-493\" alt=\"\" srcset=\"https:\/\/calcafi.com\/wp-content\/uploads\/2025\/03\/conversation.png 128w, https:\/\/calcafi.com\/wp-content\/uploads\/2025\/03\/conversation-100x100.png 100w\" sizes=\"(max-width: 128px) 100vw, 128px\" \/><\/figure><div class=\"elementor-image-box-content\"><h3 class=\"elementor-image-box-title\">Preguntas frecuentes<\/h3><p class=\"elementor-image-box-description\">Encuentre respuestas r\u00e1pidas a preguntas comunes sobre nuestros servicios, procedimientos y pol\u00edticas en nuestra secci\u00f3n de preguntas frecuentes.<\/p><\/div><\/div>\t\t\t\t<\/div>\n\t\t\t\t<\/div>\n\t\t\t\t<\/div>\n\t\t<div class=\"elementor-element elementor-element-827a5c3 e-con-full e-flex e-con e-child\" data-id=\"827a5c3\" data-element_type=\"container\">\n\t\t\t\t<div class=\"elementor-element elementor-element-58301dd elementor-position-top elementor-widget elementor-widget-image-box\" data-id=\"58301dd\" data-element_type=\"widget\" data-widget_type=\"image-box.default\">\n\t\t\t\t<div class=\"elementor-widget-container\">\n\t\t\t\t\t<div class=\"elementor-image-box-wrapper\"><figure class=\"elementor-image-box-img\"><img loading=\"lazy\" decoding=\"async\" width=\"128\" height=\"128\" src=\"https:\/\/calcafi.com\/wp-content\/uploads\/2025\/03\/heart.png\" class=\"attachment-full size-full wp-image-494\" alt=\"\" srcset=\"https:\/\/calcafi.com\/wp-content\/uploads\/2025\/03\/heart.png 128w, https:\/\/calcafi.com\/wp-content\/uploads\/2025\/03\/heart-100x100.png 100w\" sizes=\"(max-width: 128px) 100vw, 128px\" \/><\/figure><div class=\"elementor-image-box-content\"><h3 class=\"elementor-image-box-title\">Consejos y recomendaciones de salud<\/h3><p class=\"elementor-image-box-description\">Descubra estrategias pr\u00e1cticas para controlar las alergias y reforzar su salud inmunol\u00f3gica con nuestros consejos seleccionados por expertos y recomendaciones de estilo de vida.<\/p><\/div><\/div>\t\t\t\t<\/div>\n\t\t\t\t<\/div>\n\t\t\t\t<\/div>\n\t\t<div class=\"elementor-element elementor-element-38af49f e-con-full e-flex e-con e-child\" data-id=\"38af49f\" data-element_type=\"container\">\n\t\t\t\t<\/div>\n\t\t\t\t<\/div>\n\t\t\t\t\t<\/div>\n\t\t\t\t<\/div>\n\t\t\t\t<\/div>\n\t\t","protected":false},"excerpt":{"rendered":"<p>En CalCafi, Cl\u00ednicas de Cuidados Intensivos, creemos que los pacientes informados son pacientes empoderados. Nuestros recursos integrales est\u00e1n dise\u00f1ados para apoyar su camino hacia una mejor salud. Formularios para pacientes nuevos Agilice su primera visita completando nuestros formularios seguros en l\u00ednea, ahorr\u00e1ndole tiempo y garantizando que tengamos su informaci\u00f3n m\u00e1s actualizada. Informaci\u00f3n del seguro Aceptamos [&hellip;]<\/p>\n","protected":false},"author":2,"featured_media":0,"parent":0,"menu_order":0,"comment_status":"closed","ping_status":"closed","template":"elementor_header_footer","meta":{"ocean_post_layout":"","ocean_both_sidebars_style":"","ocean_both_sidebars_content_width":0,"ocean_both_sidebars_sidebars_width":0,"ocean_sidebar":"0","ocean_second_sidebar":"0","ocean_disable_margins":"enable","ocean_add_body_class":"","ocean_shortcode_before_top_bar":"","ocean_shortcode_after_top_bar":"","ocean_shortcode_before_header":"","ocean_shortcode_after_header":"","ocean_has_shortcode":"","ocean_shortcode_after_title":"","ocean_shortcode_before_footer_widgets":"","ocean_shortcode_after_footer_widgets":"","ocean_shortcode_before_footer_bottom":"","ocean_shortcode_after_footer_bottom":"","ocean_display_top_bar":"default","ocean_display_header":"default","ocean_header_style":"","ocean_center_header_left_menu":"0","ocean_custom_header_template":"0","ocean_custom_logo":0,"ocean_custom_retina_logo":0,"ocean_custom_logo_max_width":0,"ocean_custom_logo_tablet_max_width":0,"ocean_custom_logo_mobile_max_width":0,"ocean_custom_logo_max_height":0,"ocean_custom_logo_tablet_max_height":0,"ocean_custom_logo_mobile_max_height":0,"ocean_header_custom_menu":"0","ocean_menu_typo_font_family":"0","ocean_menu_typo_font_subset":"","ocean_menu_typo_font_size":0,"ocean_menu_typo_font_size_tablet":0,"ocean_menu_typo_font_size_mobile":0,"ocean_menu_typo_font_size_unit":"px","ocean_menu_typo_font_weight":"","ocean_menu_typo_font_weight_tablet":"","ocean_menu_typo_font_weight_mobile":"","ocean_menu_typo_transform":"","ocean_menu_typo_transform_tablet":"","ocean_menu_typo_transform_mobile":"","ocean_menu_typo_line_height":0,"ocean_menu_typo_line_height_tablet":0,"ocean_menu_typo_line_height_mobile":0,"ocean_menu_typo_line_height_unit":"","ocean_menu_typo_spacing":0,"ocean_menu_typo_spacing_tablet":0,"ocean_menu_typo_spacing_mobile":0,"ocean_menu_typo_spacing_unit":"","ocean_menu_link_color":"","ocean_menu_link_color_hover":"","ocean_menu_link_color_active":"","ocean_menu_link_background":"","ocean_menu_link_hover_background":"","ocean_menu_link_active_background":"","ocean_menu_social_links_bg":"","ocean_menu_social_hover_links_bg":"","ocean_menu_social_links_color":"","ocean_menu_social_hover_links_color":"","ocean_disable_title":"default","ocean_disable_heading":"default","ocean_post_title":"","ocean_post_subheading":"","ocean_post_title_style":"","ocean_post_title_background_color":"","ocean_post_title_background":0,"ocean_post_title_bg_image_position":"","ocean_post_title_bg_image_attachment":"","ocean_post_title_bg_image_repeat":"","ocean_post_title_bg_image_size":"","ocean_post_title_height":0,"ocean_post_title_bg_overlay":0.5,"ocean_post_title_bg_overlay_color":"","ocean_disable_breadcrumbs":"default","ocean_breadcrumbs_color":"","ocean_breadcrumbs_separator_color":"","ocean_breadcrumbs_links_color":"","ocean_breadcrumbs_links_hover_color":"","ocean_display_footer_widgets":"default","ocean_display_footer_bottom":"default","ocean_custom_footer_template":"0","footnotes":""},"class_list":["post-1734","page","type-page","status-publish","hentry","entry","owp-thumbs-layout-horizontal","owp-btn-normal","owp-tabs-layout-horizontal","has-no-thumbnails","has-product-nav"],"_links":{"self":[{"href":"https:\/\/calcafi.com\/es\/wp-json\/wp\/v2\/pages\/1734","targetHints":{"allow":["GET"]}}],"collection":[{"href":"https:\/\/calcafi.com\/es\/wp-json\/wp\/v2\/pages"}],"about":[{"href":"https:\/\/calcafi.com\/es\/wp-json\/wp\/v2\/types\/page"}],"author":[{"embeddable":true,"href":"https:\/\/calcafi.com\/es\/wp-json\/wp\/v2\/users\/2"}],"replies":[{"embeddable":true,"href":"https:\/\/calcafi.com\/es\/wp-json\/wp\/v2\/comments?post=1734"}],"version-history":[{"count":1,"href":"https:\/\/calcafi.com\/es\/wp-json\/wp\/v2\/pages\/1734\/revisions"}],"predecessor-version":[{"id":1735,"href":"https:\/\/calcafi.com\/es\/wp-json\/wp\/v2\/pages\/1734\/revisions\/1735"}],"wp:attachment":[{"href":"https:\/\/calcafi.com\/es\/wp-json\/wp\/v2\/media?parent=1734"}],"curies":[{"name":"wp","href":"https:\/\/api.w.org\/{rel}","templated":true}]}}