{"id":1742,"date":"2025-05-19T06:26:07","date_gmt":"2025-05-19T06:26:07","guid":{"rendered":"https:\/\/calcafi.com\/seguro-de-salud\/"},"modified":"2026-04-10T07:20:50","modified_gmt":"2026-04-10T07:20:50","slug":"seguro-de-salud","status":"publish","type":"page","link":"https:\/\/calcafi.com\/es\/seguro-de-salud\/","title":{"rendered":"Seguro De Salud"},"content":{"rendered":"\t\t<div data-elementor-type=\"wp-page\" data-elementor-id=\"1742\" class=\"elementor elementor-1742 elementor-1289\" data-elementor-post-type=\"page\">\n\t\t\t\t<div class=\"elementor-element elementor-element-c1f5bf8 e-flex e-con-boxed e-con e-parent\" data-id=\"c1f5bf8\" data-element_type=\"container\">\n\t\t\t\t\t<div class=\"e-con-inner\">\n\t\t\t\t<div class=\"elementor-element elementor-element-99e8acf elementor-widget elementor-widget-text-editor\" data-id=\"99e8acf\" data-element_type=\"widget\" data-widget_type=\"text-editor.default\">\n\t\t\t\t<div class=\"elementor-widget-container\">\n\t\t\t\t\t\t\t\t\t<p>En CalCafi, P.C. nos enorgullece servir a las diversas comunidades del sur de California, incluyendo San Diego y sus alrededores, aceptando una amplia gama de planes de seguro. Atendemos a pacientes pedi\u00e1tricos, adultos, adultos mayores y militares, garantizando que cualquier persona con la siguiente cobertura de seguro pueda acceder a nuestros servicios integrales de alergia e inmunolog\u00eda. Nuestro objetivo es brindar atenci\u00f3n especializada de alta calidad, accesible y asequible para todos los miembros de nuestra comunidad.<\/p><p>En CalCafi, P.C., aceptamos los siguientes planes de seguro:<\/p><p>\u00a0<\/p>\t\t\t\t\t\t\t\t<\/div>\n\t\t\t\t<\/div>\n\t\t\t\t\t<\/div>\n\t\t\t\t<\/div>\n\t\t<div class=\"elementor-element elementor-element-9734c82 e-con-full e-flex e-con e-parent\" data-id=\"9734c82\" data-element_type=\"container\" data-settings=\"{&quot;background_background&quot;:&quot;classic&quot;}\">\n\t\t\t\t<div class=\"elementor-element elementor-element-990f0e8 elementor-widget elementor-widget-heading\" data-id=\"990f0e8\" data-element_type=\"widget\" data-widget_type=\"heading.default\">\n\t\t\t\t<div class=\"elementor-widget-container\">\n\t\t\t\t\t<h3 class=\"elementor-heading-title elementor-size-default\">Planes de seguro m\u00e9dico que aceptamos:<\/h3>\t\t\t\t<\/div>\n\t\t\t\t<\/div>\n\t\t\t\t<\/div>\n\t\t<div class=\"elementor-element elementor-element-01d86af e-flex e-con-boxed e-con e-parent\" data-id=\"01d86af\" data-element_type=\"container\">\n\t\t\t\t\t<div class=\"e-con-inner\">\n\t\t\t\t<div class=\"elementor-element elementor-element-23e9650 elementor-widget elementor-widget-text-editor\" data-id=\"23e9650\" data-element_type=\"widget\" data-widget_type=\"text-editor.default\">\n\t\t\t\t<div class=\"elementor-widget-container\">\n\t\t\t\t\t\t\t\t\t<p style=\"text-align: center;\">Estos son los planes de seguro m\u00e9dico que aceptamos actualmente; la cobertura puede variar seg\u00fan su p\u00f3liza y beneficios individuales.<\/p>\t\t\t\t\t\t\t\t<\/div>\n\t\t\t\t<\/div>\n\t\t\t\t\t<\/div>\n\t\t\t\t<\/div>\n\t\t<div class=\"elementor-element elementor-element-5eab98c e-grid e-con-boxed e-con e-parent\" data-id=\"5eab98c\" data-element_type=\"container\">\n\t\t\t\t\t<div class=\"e-con-inner\">\n\t\t\t\t<div class=\"elementor-element elementor-element-c6579d9 elementor-widget elementor-widget-image\" data-id=\"c6579d9\" data-element_type=\"widget\" data-widget_type=\"image.default\">\n\t\t\t\t<div class=\"elementor-widget-container\">\n\t\t\t\t\t\t\t\t\t\t\t\t\t\t\t<img decoding=\"async\" width=\"260\" height=\"146\" src=\"https:\/\/calcafi.com\/wp-content\/uploads\/2025\/05\/image001.jpg\" class=\"attachment-large size-large wp-image-1647\" alt=\"\" \/>\t\t\t\t\t\t\t\t\t\t\t\t\t\t\t<\/div>\n\t\t\t\t<\/div>\n\t\t\t\t<div class=\"elementor-element elementor-element-01775a6 elementor-widget elementor-widget-image\" data-id=\"01775a6\" data-element_type=\"widget\" data-widget_type=\"image.default\">\n\t\t\t\t<div class=\"elementor-widget-container\">\n\t\t\t\t\t\t\t\t\t\t\t\t\t\t\t<img fetchpriority=\"high\" decoding=\"async\" width=\"225\" height=\"225\" src=\"https:\/\/calcafi.com\/wp-content\/uploads\/2026\/04\/image027.png\" class=\"attachment-large size-large wp-image-2346\" alt=\"\" srcset=\"https:\/\/calcafi.com\/wp-content\/uploads\/2026\/04\/image027.png 225w, https:\/\/calcafi.com\/wp-content\/uploads\/2026\/04\/image027-150x150.png 150w, https:\/\/calcafi.com\/wp-content\/uploads\/2026\/04\/image027-100x100.png 100w\" sizes=\"(max-width: 225px) 100vw, 225px\" \/>\t\t\t\t\t\t\t\t\t\t\t\t\t\t\t<\/div>\n\t\t\t\t<\/div>\n\t\t\t\t<div class=\"elementor-element elementor-element-b462f47 elementor-widget elementor-widget-image\" data-id=\"b462f47\" data-element_type=\"widget\" data-widget_type=\"image.default\">\n\t\t\t\t<div class=\"elementor-widget-container\">\n\t\t\t\t\t\t\t\t\t\t\t\t\t\t\t<img decoding=\"async\" width=\"317\" height=\"159\" src=\"https:\/\/calcafi.com\/wp-content\/uploads\/2025\/05\/image005.png\" class=\"attachment-large size-large wp-image-1649\" alt=\"\" srcset=\"https:\/\/calcafi.com\/wp-content\/uploads\/2025\/05\/image005.png 317w, https:\/\/calcafi.com\/wp-content\/uploads\/2025\/05\/image005-300x150.png 300w\" sizes=\"(max-width: 317px) 100vw, 317px\" \/>\t\t\t\t\t\t\t\t\t\t\t\t\t\t\t<\/div>\n\t\t\t\t<\/div>\n\t\t\t\t<div class=\"elementor-element elementor-element-1d34473 elementor-widget elementor-widget-image\" data-id=\"1d34473\" data-element_type=\"widget\" data-widget_type=\"image.default\">\n\t\t\t\t<div class=\"elementor-widget-container\">\n\t\t\t\t\t\t\t\t\t\t\t\t\t\t\t<img loading=\"lazy\" decoding=\"async\" width=\"299\" height=\"168\" src=\"https:\/\/calcafi.com\/wp-content\/uploads\/2025\/05\/image011.jpg\" class=\"attachment-large size-large wp-image-1652\" alt=\"\" \/>\t\t\t\t\t\t\t\t\t\t\t\t\t\t\t<\/div>\n\t\t\t\t<\/div>\n\t\t\t\t<div class=\"elementor-element elementor-element-9d82309 elementor-widget elementor-widget-image\" data-id=\"9d82309\" data-element_type=\"widget\" data-widget_type=\"image.default\">\n\t\t\t\t<div class=\"elementor-widget-container\">\n\t\t\t\t\t\t\t\t\t\t\t\t\t\t\t<img loading=\"lazy\" decoding=\"async\" width=\"510\" height=\"99\" src=\"https:\/\/calcafi.com\/wp-content\/uploads\/2025\/05\/image013.png\" class=\"attachment-large size-large wp-image-1653\" alt=\"\" srcset=\"https:\/\/calcafi.com\/wp-content\/uploads\/2025\/05\/image013.png 510w, https:\/\/calcafi.com\/wp-content\/uploads\/2025\/05\/image013-300x58.png 300w\" sizes=\"(max-width: 510px) 100vw, 510px\" \/>\t\t\t\t\t\t\t\t\t\t\t\t\t\t\t<\/div>\n\t\t\t\t<\/div>\n\t\t\t\t<div class=\"elementor-element elementor-element-0124ab3 elementor-widget elementor-widget-image\" data-id=\"0124ab3\" data-element_type=\"widget\" data-widget_type=\"image.default\">\n\t\t\t\t<div class=\"elementor-widget-container\">\n\t\t\t\t\t\t\t\t\t\t\t\t\t\t\t<img loading=\"lazy\" decoding=\"async\" width=\"275\" height=\"183\" src=\"https:\/\/calcafi.com\/wp-content\/uploads\/2026\/04\/image009.png\" class=\"attachment-large size-large wp-image-2333\" alt=\"\" \/>\t\t\t\t\t\t\t\t\t\t\t\t\t\t\t<\/div>\n\t\t\t\t<\/div>\n\t\t\t\t<div class=\"elementor-element elementor-element-7ba3107 elementor-widget elementor-widget-image\" data-id=\"7ba3107\" data-element_type=\"widget\" data-widget_type=\"image.default\">\n\t\t\t\t<div class=\"elementor-widget-container\">\n\t\t\t\t\t\t\t\t\t\t\t\t\t\t\t<img loading=\"lazy\" decoding=\"async\" width=\"401\" height=\"126\" src=\"https:\/\/calcafi.com\/wp-content\/uploads\/2025\/05\/image017.png\" class=\"attachment-large size-large wp-image-1655\" alt=\"\" srcset=\"https:\/\/calcafi.com\/wp-content\/uploads\/2025\/05\/image017.png 401w, https:\/\/calcafi.com\/wp-content\/uploads\/2025\/05\/image017-300x94.png 300w\" sizes=\"(max-width: 401px) 100vw, 401px\" \/>\t\t\t\t\t\t\t\t\t\t\t\t\t\t\t<\/div>\n\t\t\t\t<\/div>\n\t\t\t\t<div class=\"elementor-element elementor-element-0230e6d elementor-widget elementor-widget-image\" data-id=\"0230e6d\" data-element_type=\"widget\" data-widget_type=\"image.default\">\n\t\t\t\t<div class=\"elementor-widget-container\">\n\t\t\t\t\t\t\t\t\t\t\t\t\t\t\t<img loading=\"lazy\" decoding=\"async\" width=\"387\" height=\"130\" src=\"https:\/\/calcafi.com\/wp-content\/uploads\/2025\/05\/image023.png\" class=\"attachment-large size-large wp-image-1658\" alt=\"\" srcset=\"https:\/\/calcafi.com\/wp-content\/uploads\/2025\/05\/image023.png 387w, https:\/\/calcafi.com\/wp-content\/uploads\/2025\/05\/image023-300x101.png 300w\" sizes=\"(max-width: 387px) 100vw, 387px\" \/>\t\t\t\t\t\t\t\t\t\t\t\t\t\t\t<\/div>\n\t\t\t\t<\/div>\n\t\t\t\t<div class=\"elementor-element elementor-element-f8961d5 elementor-widget elementor-widget-image\" data-id=\"f8961d5\" data-element_type=\"widget\" data-widget_type=\"image.default\">\n\t\t\t\t<div class=\"elementor-widget-container\">\n\t\t\t\t\t\t\t\t\t\t\t\t\t\t\t<img loading=\"lazy\" decoding=\"async\" width=\"583\" height=\"86\" src=\"https:\/\/calcafi.com\/wp-content\/uploads\/2025\/05\/image027.png\" class=\"attachment-large size-large wp-image-1660\" alt=\"\" srcset=\"https:\/\/calcafi.com\/wp-content\/uploads\/2025\/05\/image027.png 583w, https:\/\/calcafi.com\/wp-content\/uploads\/2025\/05\/image027-300x44.png 300w\" sizes=\"(max-width: 583px) 100vw, 583px\" \/>\t\t\t\t\t\t\t\t\t\t\t\t\t\t\t<\/div>\n\t\t\t\t<\/div>\n\t\t\t\t<div class=\"elementor-element elementor-element-3c7aafd elementor-widget elementor-widget-image\" data-id=\"3c7aafd\" data-element_type=\"widget\" data-widget_type=\"image.default\">\n\t\t\t\t<div class=\"elementor-widget-container\">\n\t\t\t\t\t\t\t\t\t\t\t\t\t\t\t<img loading=\"lazy\" decoding=\"async\" width=\"373\" height=\"135\" src=\"https:\/\/calcafi.com\/wp-content\/uploads\/2026\/04\/image017.png\" class=\"attachment-large size-large wp-image-2335\" alt=\"\" srcset=\"https:\/\/calcafi.com\/wp-content\/uploads\/2026\/04\/image017.png 373w, https:\/\/calcafi.com\/wp-content\/uploads\/2026\/04\/image017-300x109.png 300w\" sizes=\"(max-width: 373px) 100vw, 373px\" \/>\t\t\t\t\t\t\t\t\t\t\t\t\t\t\t<\/div>\n\t\t\t\t<\/div>\n\t\t\t\t<div class=\"elementor-element elementor-element-7c877d4 elementor-widget elementor-widget-image\" data-id=\"7c877d4\" data-element_type=\"widget\" data-widget_type=\"image.default\">\n\t\t\t\t<div class=\"elementor-widget-container\">\n\t\t\t\t\t\t\t\t\t\t\t\t\t\t\t<img loading=\"lazy\" decoding=\"async\" width=\"317\" height=\"159\" src=\"https:\/\/calcafi.com\/wp-content\/uploads\/2026\/04\/image019.jpg\" class=\"attachment-large size-large wp-image-2337\" alt=\"\" srcset=\"https:\/\/calcafi.com\/wp-content\/uploads\/2026\/04\/image019.jpg 317w, https:\/\/calcafi.com\/wp-content\/uploads\/2026\/04\/image019-300x150.jpg 300w\" sizes=\"(max-width: 317px) 100vw, 317px\" \/>\t\t\t\t\t\t\t\t\t\t\t\t\t\t\t<\/div>\n\t\t\t\t<\/div>\n\t\t\t\t<div class=\"elementor-element elementor-element-5598124 elementor-widget elementor-widget-image\" data-id=\"5598124\" data-element_type=\"widget\" data-widget_type=\"image.default\">\n\t\t\t\t<div class=\"elementor-widget-container\">\n\t\t\t\t\t\t\t\t\t\t\t\t\t\t\t<img loading=\"lazy\" decoding=\"async\" width=\"300\" height=\"131\" src=\"https:\/\/calcafi.com\/wp-content\/uploads\/2026\/04\/image023.png\" class=\"attachment-large size-large wp-image-2342\" alt=\"\" \/>\t\t\t\t\t\t\t\t\t\t\t\t\t\t\t<\/div>\n\t\t\t\t<\/div>\n\t\t\t\t<div class=\"elementor-element elementor-element-eab8668 elementor-widget elementor-widget-image\" data-id=\"eab8668\" data-element_type=\"widget\" data-widget_type=\"image.default\">\n\t\t\t\t<div class=\"elementor-widget-container\">\n\t\t\t\t\t\t\t\t\t\t\t\t\t\t\t<img loading=\"lazy\" decoding=\"async\" width=\"312\" height=\"161\" src=\"https:\/\/calcafi.com\/wp-content\/uploads\/2026\/04\/image025.png\" class=\"attachment-large size-large wp-image-2344\" alt=\"\" srcset=\"https:\/\/calcafi.com\/wp-content\/uploads\/2026\/04\/image025.png 312w, https:\/\/calcafi.com\/wp-content\/uploads\/2026\/04\/image025-300x155.png 300w\" sizes=\"(max-width: 312px) 100vw, 312px\" \/>\t\t\t\t\t\t\t\t\t\t\t\t\t\t\t<\/div>\n\t\t\t\t<\/div>\n\t\t\t\t<div class=\"elementor-element elementor-element-c5885ed elementor-widget elementor-widget-image\" data-id=\"c5885ed\" data-element_type=\"widget\" data-widget_type=\"image.default\">\n\t\t\t\t<div class=\"elementor-widget-container\">\n\t\t\t\t\t\t\t\t\t\t\t\t\t\t\t<img loading=\"lazy\" decoding=\"async\" width=\"418\" height=\"121\" src=\"https:\/\/calcafi.com\/wp-content\/uploads\/2026\/04\/image035.png\" class=\"attachment-large size-large wp-image-2352\" alt=\"\" srcset=\"https:\/\/calcafi.com\/wp-content\/uploads\/2026\/04\/image035.png 418w, https:\/\/calcafi.com\/wp-content\/uploads\/2026\/04\/image035-300x87.png 300w\" sizes=\"(max-width: 418px) 100vw, 418px\" \/>\t\t\t\t\t\t\t\t\t\t\t\t\t\t\t<\/div>\n\t\t\t\t<\/div>\n\t\t\t\t\t<\/div>\n\t\t\t\t<\/div>\n\t\t<div class=\"elementor-element elementor-element-af2d2a6 e-flex e-con-boxed e-con e-parent\" data-id=\"af2d2a6\" data-element_type=\"container\">\n\t\t\t\t\t<div class=\"e-con-inner\">\n\t\t\t\t<div class=\"elementor-element elementor-element-015c7f5 elementor-widget elementor-widget-spacer\" data-id=\"015c7f5\" data-element_type=\"widget\" data-widget_type=\"spacer.default\">\n\t\t\t\t<div class=\"elementor-widget-container\">\n\t\t\t\t\t\t\t<div class=\"elementor-spacer\">\n\t\t\t<div class=\"elementor-spacer-inner\"><\/div>\n\t\t<\/div>\n\t\t\t\t\t\t<\/div>\n\t\t\t\t<\/div>\n\t\t\t\t\t<\/div>\n\t\t\t\t<\/div>\n\t\t<div class=\"elementor-element elementor-element-38f7c06 e-con-full e-flex e-con e-parent\" data-id=\"38f7c06\" data-element_type=\"container\" data-settings=\"{&quot;background_background&quot;:&quot;classic&quot;}\">\n\t\t\t\t<div class=\"elementor-element elementor-element-47c83c0 elementor-widget elementor-widget-heading\" data-id=\"47c83c0\" data-element_type=\"widget\" data-widget_type=\"heading.default\">\n\t\t\t\t<div class=\"elementor-widget-container\">\n\t\t\t\t\t<h2 class=\"elementor-heading-title elementor-size-default\">Pr\u00f3ximamente: Planes de seguro adicionales (Solicitudes En Tr\u00e1mite)<\/h2>\t\t\t\t<\/div>\n\t\t\t\t<\/div>\n\t\t\t\t<\/div>\n\t\t<div class=\"elementor-element elementor-element-af6e6b2 e-flex e-con-boxed e-con e-parent\" data-id=\"af6e6b2\" data-element_type=\"container\">\n\t\t\t\t\t<div class=\"e-con-inner\">\n\t\t\t\t<div class=\"elementor-element elementor-element-23b5a70 elementor-widget elementor-widget-text-editor\" data-id=\"23b5a70\" data-element_type=\"widget\" data-widget_type=\"text-editor.default\">\n\t\t\t\t<div class=\"elementor-widget-container\">\n\t\t\t\t\t\t\t\t\t<p style=\"text-align: center;\">Estamos en proceso de completar e incorporar estos planes de seguro; a\u00fan no est\u00e1n dentro de la red, por lo que la cobertura no est\u00e1 garantizada hasta que se complete la contrataci\u00f3n.<\/p>\t\t\t\t\t\t\t\t<\/div>\n\t\t\t\t<\/div>\n\t\t\t\t\t<\/div>\n\t\t\t\t<\/div>\n\t\t<div class=\"elementor-element elementor-element-9ba472d e-flex e-con-boxed e-con e-parent\" data-id=\"9ba472d\" data-element_type=\"container\">\n\t\t\t\t\t<div class=\"e-con-inner\">\n\t\t\t\t<div class=\"elementor-element elementor-element-26a1236 elementor-widget elementor-widget-text-editor\" data-id=\"26a1236\" data-element_type=\"widget\" data-widget_type=\"text-editor.default\">\n\t\t\t\t<div class=\"elementor-widget-container\">\n\t\t\t\t\t\t\t\t\t<p>\u2022 Blue Shield of California<br \/>\u2022 Community Health Group (CHG)<br \/>\u2022 Molina Healthcare<br \/>\u2022 Civilian Health and Medical Program of the Department of Veterans Affairs (CHAMPVA)<br \/>\u2022 Community Health Plan of Imperial Valley (CHPIV)<br \/>\u2022 Inland Empire Health Plan (IEHP)<br \/>\u2022 Alignment Health Plan<br \/>\u2022 Golden Physicians Medical Group, Inc<br \/>\u2022 Regal Medical Group<br \/>\u2022 Community Care Health<br \/>\u2022 Prospect Medical<br \/>\u2022 Excel Health Plans<br \/>\u2022 Southern California Medical Group (SCMG)<br \/>\u2022 Sharp Rees-Stealy Medical Group<br \/>\u2022 Sharp Community Medical Group (SHARP)<\/p><p><strong>* Descargo de responsabilidad del seguro:<\/strong><\/p><p>La participaci\u00f3n en la red de seguros est\u00e1 sujeta a cambios. Por favor, comun\u00edquese con nuestra oficina y con su compa\u00f1\u00eda de seguros para confirmar que su plan est\u00e1 dentro de la red y para verificar sus beneficios antes de su visita.<\/p>\t\t\t\t\t\t\t\t<\/div>\n\t\t\t\t<\/div>\n\t\t\t\t\t<\/div>\n\t\t\t\t<\/div>\n\t\t\t\t<\/div>\n\t\t","protected":false},"excerpt":{"rendered":"<p>En CalCafi, P.C. nos enorgullece servir a las diversas comunidades del sur de California, incluyendo San Diego y sus alrededores, aceptando una amplia gama de planes de seguro. Atendemos a pacientes pedi\u00e1tricos, adultos, adultos mayores y militares, garantizando que cualquier persona con la siguiente cobertura de seguro pueda acceder a nuestros servicios integrales de alergia [&hellip;]<\/p>\n","protected":false},"author":2,"featured_media":0,"parent":0,"menu_order":0,"comment_status":"closed","ping_status":"closed","template":"elementor_header_footer","meta":{"ocean_post_layout":"","ocean_both_sidebars_style":"","ocean_both_sidebars_content_width":0,"ocean_both_sidebars_sidebars_width":0,"ocean_sidebar":"0","ocean_second_sidebar":"0","ocean_disable_margins":"enable","ocean_add_body_class":"","ocean_shortcode_before_top_bar":"","ocean_shortcode_after_top_bar":"","ocean_shortcode_before_header":"","ocean_shortcode_after_header":"","ocean_has_shortcode":"","ocean_shortcode_after_title":"","ocean_shortcode_before_footer_widgets":"","ocean_shortcode_after_footer_widgets":"","ocean_shortcode_before_footer_bottom":"","ocean_shortcode_after_footer_bottom":"","ocean_display_top_bar":"default","ocean_display_header":"default","ocean_header_style":"","ocean_center_header_left_menu":"0","ocean_custom_header_template":"0","ocean_custom_logo":0,"ocean_custom_retina_logo":0,"ocean_custom_logo_max_width":0,"ocean_custom_logo_tablet_max_width":0,"ocean_custom_logo_mobile_max_width":0,"ocean_custom_logo_max_height":0,"ocean_custom_logo_tablet_max_height":0,"ocean_custom_logo_mobile_max_height":0,"ocean_header_custom_menu":"0","ocean_menu_typo_font_family":"0","ocean_menu_typo_font_subset":"","ocean_menu_typo_font_size":0,"ocean_menu_typo_font_size_tablet":0,"ocean_menu_typo_font_size_mobile":0,"ocean_menu_typo_font_size_unit":"px","ocean_menu_typo_font_weight":"","ocean_menu_typo_font_weight_tablet":"","ocean_menu_typo_font_weight_mobile":"","ocean_menu_typo_transform":"","ocean_menu_typo_transform_tablet":"","ocean_menu_typo_transform_mobile":"","ocean_menu_typo_line_height":0,"ocean_menu_typo_line_height_tablet":0,"ocean_menu_typo_line_height_mobile":0,"ocean_menu_typo_line_height_unit":"","ocean_menu_typo_spacing":0,"ocean_menu_typo_spacing_tablet":0,"ocean_menu_typo_spacing_mobile":0,"ocean_menu_typo_spacing_unit":"","ocean_menu_link_color":"","ocean_menu_link_color_hover":"","ocean_menu_link_color_active":"","ocean_menu_link_background":"","ocean_menu_link_hover_background":"","ocean_menu_link_active_background":"","ocean_menu_social_links_bg":"","ocean_menu_social_hover_links_bg":"","ocean_menu_social_links_color":"","ocean_menu_social_hover_links_color":"","ocean_disable_title":"default","ocean_disable_heading":"default","ocean_post_title":"","ocean_post_subheading":"","ocean_post_title_style":"","ocean_post_title_background_color":"","ocean_post_title_background":0,"ocean_post_title_bg_image_position":"","ocean_post_title_bg_image_attachment":"","ocean_post_title_bg_image_repeat":"","ocean_post_title_bg_image_size":"","ocean_post_title_height":0,"ocean_post_title_bg_overlay":0.5,"ocean_post_title_bg_overlay_color":"","ocean_disable_breadcrumbs":"default","ocean_breadcrumbs_color":"","ocean_breadcrumbs_separator_color":"","ocean_breadcrumbs_links_color":"","ocean_breadcrumbs_links_hover_color":"","ocean_display_footer_widgets":"default","ocean_display_footer_bottom":"default","ocean_custom_footer_template":"0","footnotes":""},"class_list":["post-1742","page","type-page","status-publish","hentry","entry","owp-thumbs-layout-horizontal","owp-btn-normal","owp-tabs-layout-horizontal","has-no-thumbnails","has-product-nav"],"_links":{"self":[{"href":"https:\/\/calcafi.com\/es\/wp-json\/wp\/v2\/pages\/1742","targetHints":{"allow":["GET"]}}],"collection":[{"href":"https:\/\/calcafi.com\/es\/wp-json\/wp\/v2\/pages"}],"about":[{"href":"https:\/\/calcafi.com\/es\/wp-json\/wp\/v2\/types\/page"}],"author":[{"embeddable":true,"href":"https:\/\/calcafi.com\/es\/wp-json\/wp\/v2\/users\/2"}],"replies":[{"embeddable":true,"href":"https:\/\/calcafi.com\/es\/wp-json\/wp\/v2\/comments?post=1742"}],"version-history":[{"count":10,"href":"https:\/\/calcafi.com\/es\/wp-json\/wp\/v2\/pages\/1742\/revisions"}],"predecessor-version":[{"id":2561,"href":"https:\/\/calcafi.com\/es\/wp-json\/wp\/v2\/pages\/1742\/revisions\/2561"}],"wp:attachment":[{"href":"https:\/\/calcafi.com\/es\/wp-json\/wp\/v2\/media?parent=1742"}],"curies":[{"name":"wp","href":"https:\/\/api.w.org\/{rel}","templated":true}]}}